{"id":756,"date":"2023-03-28T14:01:44","date_gmt":"2023-03-28T14:01:44","guid":{"rendered":"https:\/\/ilmanovale.com\/newsite\/prodotto\/puly-bar-igienic\/"},"modified":"2025-10-23T17:04:00","modified_gmt":"2025-10-23T17:04:00","slug":"puly-bar-igienic","status":"publish","type":"product","link":"https:\/\/ilmanovale.com\/en\/prodotto\/puly-bar-igienic\/","title":{"rendered":"Puly Bar Igienic"},"content":{"rendered":"","protected":false},"excerpt":{"rendered":"<p><span style=\"font-weight: 400;\">Questo detergente \u00e8 l\u2019ideale per rimuovere i residui oleosi rilasciati dal caff\u00e8 nella campana e del dosatore del macinacaff\u00e8, per esempio, prima che vadano a sciupare la qualit\u00e0 dei vostri chicchi.<\/span><\/p>\n<p><span style=\"font-weight: 400;\">Puly Bar Igienic diventer\u00e0 da subito il vostro compagno ideale per la pulizia delle parti esterne delle vostre attrezzature. I piani di lavoro, la vetrina; noi lo utilizziamo anche per pulire la nostra cucina di casa.<\/span><\/p>\n<p><span style=\"font-weight: 400;\">Essendo completamente volatile non necessita di un risciacquo, non lascia odori e, oltre a eliminare completamente tracce di oli e grasso, previene la formazione di germi e batteri.<\/span><\/p>\n<p><span style=\"font-weight: 400;\">Pu\u00f2 essere utilizzato su ogni superficie in: acciaio inox, laccati, verniciati, plastica, vetri, specchi, infissi, taglieri, coltelleria.<\/span><\/p>\n<p><span style=\"font-weight: 400;\">Il Puly Bar Igienic \u00e8 pensato per tutti i professionisti, baristi, ristoratori alla ricerca di un prodotto veloce da utilizzare, senza risciacquo per una pulizia accurata di tutti i piani di lavoro<\/span><\/p>\n<p>FORMATO 1 LITRO [&#8230;]<\/p>\n<p><a class=\"btn btn-secondary understrap-read-more-link\" href=\"https:\/\/ilmanovale.com\/en\/prodotto\/puly-bar-igienic\/\">Read More&#8230;<span class=\"screen-reader-text\"> from Puly Bar Igienic<\/span><\/a><\/p>\n","protected":false},"featured_media":313,"comment_status":"closed","ping_status":"closed","template":"","meta":{"_acf_changed":false},"product_brand":[],"product_cat":[134,135],"product_tag":[],"class_list":{"0":"post-756","1":"product","2":"type-product","3":"status-publish","4":"has-post-thumbnail","6":"product_cat-attrezzature-caffe","7":"product_cat-pulizia-macchina-espresso","9":"first","10":"instock","11":"taxable","12":"shipping-taxable","13":"purchasable","14":"product-type-simple"},"acf":[],"_links":{"self":[{"href":"https:\/\/ilmanovale.com\/en\/wp-json\/wp\/v2\/product\/756","targetHints":{"allow":["GET"]}}],"collection":[{"href":"https:\/\/ilmanovale.com\/en\/wp-json\/wp\/v2\/product"}],"about":[{"href":"https:\/\/ilmanovale.com\/en\/wp-json\/wp\/v2\/types\/product"}],"replies":[{"embeddable":true,"href":"https:\/\/ilmanovale.com\/en\/wp-json\/wp\/v2\/comments?post=756"}],"wp:featuredmedia":[{"embeddable":true,"href":"https:\/\/ilmanovale.com\/en\/wp-json\/wp\/v2\/media\/313"}],"wp:attachment":[{"href":"https:\/\/ilmanovale.com\/en\/wp-json\/wp\/v2\/media?parent=756"}],"wp:term":[{"taxonomy":"product_brand","embeddable":true,"href":"https:\/\/ilmanovale.com\/en\/wp-json\/wp\/v2\/product_brand?post=756"},{"taxonomy":"product_cat","embeddable":true,"href":"https:\/\/ilmanovale.com\/en\/wp-json\/wp\/v2\/product_cat?post=756"},{"taxonomy":"product_tag","embeddable":true,"href":"https:\/\/ilmanovale.com\/en\/wp-json\/wp\/v2\/product_tag?post=756"}],"curies":[{"name":"wp","href":"https:\/\/api.w.org\/{rel}","templated":true}]}}