{"id":1439,"date":"2024-12-18T09:28:01","date_gmt":"2024-12-18T09:28:01","guid":{"rendered":"https:\/\/ilmanovale.com\/prodotto\/vagabondo-etiopia-shantawene\/"},"modified":"2024-12-18T09:28:01","modified_gmt":"2024-12-18T09:28:01","slug":"vagabondo-etiopia-shantawene","status":"publish","type":"product","link":"https:\/\/ilmanovale.com\/en\/prodotto\/vagabondo-etiopia-shantawene\/","title":{"rendered":"Vagabondo Etiopia Shantawene"},"content":{"rendered":"<div dir=\"auto\">\n<p>Region : SIDAMA, SHANTAWENE<\/p>\n<p>Farmer : DUKAMO<\/p>\n<p>Variety : 74110 &#8211; 74158<\/p>\n<p>Altitude : 2400\u00a0 m<\/p>\n<p>Process: Natural<\/p>\n<p>Cup score: 88<\/p>\n<p><strong>Cup Profile<\/strong><\/p>\n<p>Strawberry,Blackberry, Caramel, Orange<\/p>\n<\/div>\n","protected":false},"excerpt":{"rendered":"<p>Questo caff\u00e8 monorigine proviene dalla regione di shantawene, in Etiopia, una delle aree pi\u00f9 rinomate per la produzione di caff\u00e8 di alta qualit\u00e0. La lavorazione naturale, conferisce al caff\u00e8 un profilo aromatico complesso e ricco, con note fruttate. Questo caff\u00e8 \u00e8 un&#8217;esperienza di gusto unica, perfetta per chi cerca sapori distintivi e autentici.<\/p>\n<p>Formato 200 gr [&#8230;]<\/p>\n<p><a class=\"btn btn-secondary understrap-read-more-link\" href=\"https:\/\/ilmanovale.com\/en\/prodotto\/vagabondo-etiopia-shantawene\/\">Read More&#8230;<span class=\"screen-reader-text\"> from Vagabondo Etiopia Shantawene<\/span><\/a><\/p>\n","protected":false},"featured_media":1757,"comment_status":"closed","ping_status":"closed","template":"","meta":{"_acf_changed":false},"product_brand":[],"product_cat":[189,140],"product_tag":[],"class_list":{"0":"post-1439","1":"product","2":"type-product","3":"status-publish","4":"has-post-thumbnail","6":"product_cat-artisanal-coffee","7":"product_cat-specialty-coffee","8":"pa_aroma-citrico-en","9":"pa_corpo-medio-e-pulito-en","10":"pa_flavor-frutta-tropicale-en","11":"pa_formato-200-gr-en","13":"first","14":"outofstock","15":"purchasable","16":"product-type-simple"},"acf":[],"_links":{"self":[{"href":"https:\/\/ilmanovale.com\/en\/wp-json\/wp\/v2\/product\/1439","targetHints":{"allow":["GET"]}}],"collection":[{"href":"https:\/\/ilmanovale.com\/en\/wp-json\/wp\/v2\/product"}],"about":[{"href":"https:\/\/ilmanovale.com\/en\/wp-json\/wp\/v2\/types\/product"}],"replies":[{"embeddable":true,"href":"https:\/\/ilmanovale.com\/en\/wp-json\/wp\/v2\/comments?post=1439"}],"wp:featuredmedia":[{"embeddable":true,"href":"https:\/\/ilmanovale.com\/en\/wp-json\/wp\/v2\/media\/1757"}],"wp:attachment":[{"href":"https:\/\/ilmanovale.com\/en\/wp-json\/wp\/v2\/media?parent=1439"}],"wp:term":[{"taxonomy":"product_brand","embeddable":true,"href":"https:\/\/ilmanovale.com\/en\/wp-json\/wp\/v2\/product_brand?post=1439"},{"taxonomy":"product_cat","embeddable":true,"href":"https:\/\/ilmanovale.com\/en\/wp-json\/wp\/v2\/product_cat?post=1439"},{"taxonomy":"product_tag","embeddable":true,"href":"https:\/\/ilmanovale.com\/en\/wp-json\/wp\/v2\/product_tag?post=1439"}],"curies":[{"name":"wp","href":"https:\/\/api.w.org\/{rel}","templated":true}]}}