{"id":1276,"date":"2025-01-16T11:15:24","date_gmt":"2025-01-16T11:15:24","guid":{"rendered":"https:\/\/ilmanovale.com\/newsite\/?post_type=product&#038;p=1276"},"modified":"2025-04-17T11:58:27","modified_gmt":"2025-04-17T11:58:27","slug":"wall-rugs-il-manovale","status":"publish","type":"product","link":"https:\/\/ilmanovale.com\/en\/prodotto\/wall-rugs-il-manovale\/","title":{"rendered":"Wall Rugs \u201cIL MANOVALE\u201d"},"content":{"rendered":"","protected":false},"excerpt":{"rendered":"<div>Porta l\u2019arte del caff\u00e8 e il design contemporaneo direttamente nelle tue stanze con i Wall Rugs \u201cIl Manovale\u201d. Realizzati artigianalmente con la tecnica del tufting, questi tappeti si distinguono per le loro grafiche iconiche che omaggiano il mondo del caff\u00e8 specialty. Versatili e creativi, possono essere utilizzati come tappeti o appesi al muro come veri e propri pezzi d\u2019arte.<\/div>\n<div><\/div>\n<div>Caratteristiche:<\/div>\n<div><span> \u2022 Materiale: 100% lana acrilica con backing in feltro, per una qualit\u00e0 durevole e piacevole al tatto<\/span><\/div>\n<div><span> \u2022 Tecnica: Lavorazione artigianale con tufting, in collaborazione con \u201cSpaghetti Rugs\u201d<\/span><\/div>\n<div><span> \u2022 Dimensioni: 45 cm di diametro<\/span><\/div>\n<div><span> \u2022 Design: Disponibile in tre combinazioni di colori vibranti, che aggiungono carattere e stile a qualsiasi ambiente<\/span><\/div>\n<div><\/div>\n<div>Perfetti per chi vuole decorare con personalit\u00e0 e celebrare la passione per il caff\u00e8 artigianale, questi wall rugs uniscono funzionalit\u00e0 e arte in un prodotto unico.<\/div>\n<div><\/div>\n<div>In collaborazione con Spaghetti\u00a0Rugs<\/div>\n<p> [&#8230;]<\/p>\n<p><a class=\"btn btn-secondary understrap-read-more-link\" href=\"https:\/\/ilmanovale.com\/en\/prodotto\/wall-rugs-il-manovale\/\">Read More&#8230;<span class=\"screen-reader-text\"> from Wall Rugs \u201cIL MANOVALE\u201d<\/span><\/a><\/p>\n","protected":false},"featured_media":1270,"comment_status":"open","ping_status":"closed","template":"","meta":{"_acf_changed":false},"product_brand":[],"product_cat":[185],"product_tag":[],"class_list":{"0":"post-1276","1":"product","2":"type-product","3":"status-publish","4":"has-post-thumbnail","6":"product_cat-merchandising","8":"first","9":"instock","10":"taxable","11":"shipping-taxable","12":"purchasable","13":"product-type-variable"},"acf":[],"_links":{"self":[{"href":"https:\/\/ilmanovale.com\/en\/wp-json\/wp\/v2\/product\/1276","targetHints":{"allow":["GET"]}}],"collection":[{"href":"https:\/\/ilmanovale.com\/en\/wp-json\/wp\/v2\/product"}],"about":[{"href":"https:\/\/ilmanovale.com\/en\/wp-json\/wp\/v2\/types\/product"}],"replies":[{"embeddable":true,"href":"https:\/\/ilmanovale.com\/en\/wp-json\/wp\/v2\/comments?post=1276"}],"wp:featuredmedia":[{"embeddable":true,"href":"https:\/\/ilmanovale.com\/en\/wp-json\/wp\/v2\/media\/1270"}],"wp:attachment":[{"href":"https:\/\/ilmanovale.com\/en\/wp-json\/wp\/v2\/media?parent=1276"}],"wp:term":[{"taxonomy":"product_brand","embeddable":true,"href":"https:\/\/ilmanovale.com\/en\/wp-json\/wp\/v2\/product_brand?post=1276"},{"taxonomy":"product_cat","embeddable":true,"href":"https:\/\/ilmanovale.com\/en\/wp-json\/wp\/v2\/product_cat?post=1276"},{"taxonomy":"product_tag","embeddable":true,"href":"https:\/\/ilmanovale.com\/en\/wp-json\/wp\/v2\/product_tag?post=1276"}],"curies":[{"name":"wp","href":"https:\/\/api.w.org\/{rel}","templated":true}]}}