{"id":1858,"date":"2025-02-27T15:36:46","date_gmt":"2025-02-27T15:36:46","guid":{"rendered":"https:\/\/ilmanovale.com\/consulting\/corner-shop\/"},"modified":"2025-03-31T09:58:00","modified_gmt":"2025-03-31T09:58:00","slug":"corner-shop","status":"publish","type":"page","link":"https:\/\/ilmanovale.com\/en\/consulting\/corner-shop\/","title":{"rendered":"Corner shop"},"content":{"rendered":"\n<div class=\"wp-block-columns is-layout-flex wp-container-core-columns-is-layout-9d6595d7 wp-block-columns-is-layout-flex\">\n<div class=\"wp-block-column is-layout-flow wp-block-column-is-layout-flow\" style=\"flex-basis:100%\">\n<h2 class=\"wp-block-heading has-text-align-center\" style=\"font-size:42px\">Do you want to add a corner Shop of Il Manovale in your premises?<\/h2>\n\n\n\n<div class=\"wp-block-buttons is-content-justification-center is-layout-flex wp-container-core-buttons-is-layout-16018d1d wp-block-buttons-is-layout-flex\">\n<div class=\"wp-block-button btn-primary\"><a class=\"wp-block-button__link has-white-color has-text-color has-link-color wp-element-button\" href=\"#iscrizione\">Let&#8217;s talk about it together<\/a><\/div>\n<\/div>\n<\/div>\n<\/div>\n\n\n\n<div class=\"wp-block-columns are-vertically-aligned-center container is-layout-flex wp-container-core-columns-is-layout-9d6595d7 wp-block-columns-is-layout-flex\">\n<div class=\"wp-block-column is-vertically-aligned-center text-center text-md-left is-layout-flow wp-block-column-is-layout-flow\" style=\"flex-basis:100%\"><div class=\"wp-block-image\">\n<figure class=\"aligncenter size-full\"><img loading=\"lazy\" decoding=\"async\" width=\"1280\" height=\"960\" src=\"https:\/\/ilmanovale.com\/wp-content\/uploads\/2025\/02\/corner-shop-img-edited.webp\" alt=\"\" class=\"wp-image-1676\" srcset=\"https:\/\/ilmanovale.com\/wp-content\/uploads\/2025\/02\/corner-shop-img-edited.webp 1280w, https:\/\/ilmanovale.com\/wp-content\/uploads\/2025\/02\/corner-shop-img-edited-300x225.webp 300w, https:\/\/ilmanovale.com\/wp-content\/uploads\/2025\/02\/corner-shop-img-edited-1024x768.webp 1024w, https:\/\/ilmanovale.com\/wp-content\/uploads\/2025\/02\/corner-shop-img-edited-768x576.webp 768w, https:\/\/ilmanovale.com\/wp-content\/uploads\/2025\/02\/corner-shop-img-edited-800x600.webp 800w, https:\/\/ilmanovale.com\/wp-content\/uploads\/2025\/02\/corner-shop-img-edited-500x375.webp 500w\" sizes=\"auto, (max-width: 1280px) 100vw, 1280px\" \/><\/figure>\n<\/div><\/div>\n\n\n\n<div class=\"wp-block-column is-vertically-aligned-center text-center text-md-left is-layout-flow wp-block-column-is-layout-flow\" style=\"flex-basis:100%\">\n<p class=\"has-medium-font-size\">With our dedicated corner shop service for coffee shops and venues, we help you transform a simple area of \u200b\u200byour store into a powerful sales and loyalty tool.<br>A well-designed artisan coffee corner allows you to increase the average value of the receipt, involve customers in a sensory experience and bring the quality of your brand into homes and offices.<\/p>\n<\/div>\n<\/div>\n\n\n\n<div class=\"wp-block-columns are-vertically-aligned-center container pb-5 is-layout-flex wp-container-core-columns-is-layout-9d6595d7 wp-block-columns-is-layout-flex\" id=\"barista-skills\">\n<div class=\"wp-block-column is-vertically-aligned-center is-layout-flow wp-block-column-is-layout-flow\">\n<h2 class=\"wp-block-heading has-text-align-left pt-5 pb-4\" style=\"font-size:54px;text-transform:uppercase\">What do we offer?<\/h2>\n\n\n\n<ul class=\"wp-block-list\">\n<li><strong>Attractive visuals and artisan packaging:<\/strong> we create an impactful display with visible silos, freshly ground coffee beans, and coordinated materials to enhance the purchasing experience.<\/li>\n\n\n\n<li><strong>Premium products for home consumption:<\/strong> we offer a complete range of artisan coffee, natural teas and herbal infusions, single-serve pods for home and office use, all carefully packaged to maintain freshness and visually appeal to customers.<\/li>\n\n\n\n<li><strong>Experiential selling techniques:<\/strong> we support you with live grinding solutions, guided tastings, and storytelling to transform your corner into a true multisensory experience.<\/li>\n\n\n\n<li><strong>Staff training and operational support:<\/strong> we provide practical tools for independently managing the corner, train your team, and optimize in-store communication.<\/li>\n<\/ul>\n\n\n\n<div class=\"wp-block-columns group-btn is-layout-flex wp-container-core-columns-is-layout-9d6595d7 wp-block-columns-is-layout-flex\">\n<div class=\"wp-block-column is-layout-flow wp-block-column-is-layout-flow\" style=\"flex-basis:50%\">\n<div class=\"wp-block-buttons is-layout-flex wp-block-buttons-is-layout-flex\">\n<div class=\"wp-block-button btn-primary is-style-outline is-style-outline--1\"><a class=\"wp-block-button__link has-white-color has-gray-dark-background-color has-text-color has-background has-link-color wp-element-button\" href=\"#iscrizione\">I want more info<\/a><\/div>\n<\/div>\n<\/div>\n<\/div>\n<\/div>\n<\/div>\n\n\n\n<div class=\"wp-block-columns are-vertically-aligned-top container d-none is-layout-flex wp-container-core-columns-is-layout-9d6595d7 wp-block-columns-is-layout-flex\">\n<div class=\"wp-block-column is-vertically-aligned-top is-layout-flow wp-block-column-is-layout-flow\">\n<h3 class=\"wp-block-heading\">Foundation<\/h3>\n\n\n\n<p class=\"has-text-color has-link-color wp-elements-8eaa04b03761312881b07a5654d1cda0\" style=\"color:#971a3f;text-transform:uppercase\">Di persona o a distanza \u2022 7 ore<\/p>\n\n\n\n<p>Introduce le competenze pratiche essenziali necessarie dietro al bancone dell&#8217;espresso, concentrandosi sulle tecniche principali.<\/p>\n\n\n\n<ul class=\"wp-block-list\">\n<li>Preparare correttamente le bevande base dell&#8217;espresso<\/li>\n\n\n\n<li>Imparare i metodi di pulizia appropriati<\/li>\n\n\n\n<li>Praticare le competenze di base del servizio<\/li>\n<\/ul>\n\n\n\n<p><br><\/p>\n<\/div>\n\n\n\n<div class=\"wp-block-column is-vertically-aligned-top is-layout-flow wp-block-column-is-layout-flow\">\n<h3 class=\"wp-block-heading\">Intermediate<\/h3>\n\n\n\n<p class=\"has-text-color has-link-color wp-elements-fee0a7f76fcbbfeac9bf1a3fbccddb2b\" style=\"color:#971a3f;text-transform:uppercase\">Di persona o a distanza \u2022 14 ore<\/p>\n\n\n\n<p>Migliora la conoscenza del barista con un&#8217;attenzione pi\u00f9 approfondita alla scienza e alla qualit\u00e0 del caff\u00e8.<\/p>\n\n\n\n<ul class=\"wp-block-list\">\n<li>Analizza le variabili di estrazione dell&#8217;espresso<\/li>\n\n\n\n<li>Crea una consistenza del latte uniforme<\/li>\n\n\n\n<li>Padroneggia una gestione efficiente del flusso di lavoro<\/li>\n<\/ul>\n\n\n\n<p><br><\/p>\n<\/div>\n\n\n\n<div class=\"wp-block-column is-vertically-aligned-top is-layout-flow wp-block-column-is-layout-flow\">\n<h3 class=\"wp-block-heading\">Professional<\/h3>\n\n\n\n<p class=\"has-text-color has-link-color wp-elements-53f174264aa92d968263a476940e92bb\" style=\"color:#971a3f;text-transform:uppercase\">Di persona o a distanza \u2022 21 ore<\/p>\n\n\n\n<p>Padroneggia le tecniche avanzate di gestione e le competenze di barista per gestire le attivit\u00e0 del caff\u00e8.<\/p>\n\n\n\n<ul class=\"wp-block-list\">\n<li>Programmi di qualit\u00e0 del bar leader<\/li>\n\n\n\n<li>Progetta ricette di bevande personalizzate<\/li>\n\n\n\n<li>Perfeziona l&#8217;arte avanzata del latte<\/li>\n<\/ul>\n\n\n\n<p><br><\/p>\n<\/div>\n<\/div>\n\n\n\n<div class=\"wp-block-columns are-vertically-aligned-center pt-5  container is-layout-flex wp-container-core-columns-is-layout-9d6595d7 wp-block-columns-is-layout-flex\" id=\"iscrizione\">\n<div class=\"wp-block-column is-layout-flow wp-block-column-is-layout-flow\">\n<h2 class=\"wp-block-heading has-text-align-center pt-5 pb-3\" style=\"font-size:54px;text-transform:uppercase\">Request information<\/h2>\n\n\n\n<div class=\"wpcf7 no-js\" id=\"wpcf7-f1867-o1\" lang=\"en-US\" dir=\"ltr\" data-wpcf7-id=\"1867\">\n<div class=\"screen-reader-response\"><p role=\"status\" aria-live=\"polite\" aria-atomic=\"true\"><\/p> <ul><\/ul><\/div>\n<form action=\"\/en\/wp-json\/wp\/v2\/pages\/1858#wpcf7-f1867-o1\" method=\"post\" class=\"wpcf7-form init\" aria-label=\"Contact form\" novalidate=\"novalidate\" data-status=\"init\">\n<fieldset class=\"hidden-fields-container\"><input type=\"hidden\" name=\"_wpcf7\" value=\"1867\" \/><input type=\"hidden\" name=\"_wpcf7_version\" value=\"6.1.5\" \/><input type=\"hidden\" name=\"_wpcf7_locale\" value=\"en_US\" \/><input type=\"hidden\" name=\"_wpcf7_unit_tag\" value=\"wpcf7-f1867-o1\" \/><input type=\"hidden\" name=\"_wpcf7_container_post\" value=\"0\" \/><input type=\"hidden\" name=\"_wpcf7_posted_data_hash\" value=\"\" \/>\n<\/fieldset>\n<div class=\"row\">\n\t<div class=\"col-md-6 col-12 py-2\">\n\t<input class=\"wpcf7-form-control wpcf7-hidden\" value=\"\" type=\"hidden\" name=\"pagetitle\" \/>\n\t\t<p><span class=\"wpcf7-form-control-wrap\" data-name=\"your-name\"><input size=\"40\" maxlength=\"400\" class=\"wpcf7-form-control wpcf7-text wpcf7-validates-as-required\" autocomplete=\"name\" aria-required=\"true\" aria-invalid=\"false\" placeholder=\"Name*\" value=\"\" type=\"text\" name=\"your-name\" \/><\/span>\n\t\t<\/p>\n\t<\/div>\n\t<div class=\"col-md-6 col-12 py-2\">\n\t\t<p><span class=\"wpcf7-form-control-wrap\" data-name=\"your-surname\"><input size=\"40\" maxlength=\"400\" class=\"wpcf7-form-control wpcf7-text wpcf7-validates-as-required\" autocomplete=\"name\" aria-required=\"true\" aria-invalid=\"false\" placeholder=\"Surname*\" value=\"\" type=\"text\" name=\"your-surname\" \/><\/span>\n\t\t<\/p>\n\t<\/div>\n\t<div class=\"col-md-6 col-12 py-2\">\n\t\t<p><span class=\"wpcf7-form-control-wrap\" data-name=\"your-email\"><input size=\"40\" maxlength=\"400\" class=\"wpcf7-form-control wpcf7-email wpcf7-validates-as-required wpcf7-text wpcf7-validates-as-email\" autocomplete=\"email\" aria-required=\"true\" aria-invalid=\"false\" placeholder=\"Email*\" value=\"\" type=\"email\" name=\"your-email\" \/><\/span>\n\t\t<\/p>\n\t<\/div>\n\t<div class=\"col-md-6 col-12 py-2\">\n\t\t<p><span class=\"wpcf7-form-control-wrap\" data-name=\"phone\"><input size=\"40\" maxlength=\"400\" class=\"wpcf7-form-control wpcf7-tel wpcf7-validates-as-required wpcf7-text wpcf7-validates-as-tel\" autocomplete=\"phone\" aria-required=\"true\" aria-invalid=\"false\" placeholder=\"Phone*\" value=\"\" type=\"tel\" name=\"phone\" \/><\/span>\n\t\t<\/p>\n\t<\/div>\n\t<div class=\"col-12 py-2\">\n\t\t<p><label>Profession*<\/label><br \/>\n<span class=\"wpcf7-form-control-wrap\" data-name=\"professione\"><select class=\"wpcf7-form-control wpcf7-select wpcf7-validates-as-required\" aria-required=\"true\" aria-invalid=\"false\" name=\"professione\"><option value=\"Barman\">Barman<\/option><option value=\"Activity Manager\">Activity Manager<\/option><option value=\"Student\">Student<\/option><option value=\"Coffee lover\">Coffee lover<\/option><\/select><\/span>\n\t\t<\/p>\n\t<\/div>\n\t<div class=\"col-12 py-2\">\n\t\t<p><span class=\"wpcf7-form-control-wrap\" data-name=\"your-message\"><textarea cols=\"40\" rows=\"6\" maxlength=\"2000\" class=\"wpcf7-form-control wpcf7-textarea wpcf7-validates-as-required\" aria-required=\"true\" aria-invalid=\"false\" placeholder=\"Write your message:\" name=\"your-message\"><\/textarea><\/span>\n\t\t<\/p>\n\t<\/div>\n\t<div class=\"col-12 py-2\">\n\t\t<p><label>Choose a time to be called back*<\/label><br \/>\n<span class=\"wpcf7-form-control-wrap\" data-name=\"orario\"><select class=\"wpcf7-form-control wpcf7-select wpcf7-validates-as-required\" aria-required=\"true\" aria-invalid=\"false\" name=\"orario\"><option value=\"09:00 - 10:00\">09:00 - 10:00<\/option><option value=\"10:00 - 11:00\">10:00 - 11:00<\/option><option value=\"11:00 - 12:00\">11:00 - 12:00<\/option><option value=\"12:00 - 13:00\">12:00 - 13:00<\/option><option value=\"13:00 - 14:00\">13:00 - 14:00<\/option><option value=\"14:00 - 15:00\">14:00 - 15:00<\/option><option value=\"15:00 - 16:00\">15:00 - 16:00<\/option><option value=\"16:00 - 17:00\">16:00 - 17:00<\/option><option value=\"17:00 - 18:00\">17:00 - 18:00<\/option><option value=\"18:00 - 19:00\">18:00 - 19:00<\/option><\/select><\/span>\n\t\t<\/p>\n\t<\/div>\n\t<div class=\"col-12 pt-2 pb-2 testo-xxs\">\n\t\t<p><span class=\"wpcf7-form-control-wrap\" data-name=\"acceptance-837\"><span class=\"wpcf7-form-control wpcf7-acceptance\"><span class=\"wpcf7-list-item\"><label><input type=\"checkbox\" name=\"acceptance-837\" value=\"1\" class=\"small\" aria-invalid=\"false\" \/><span class=\"wpcf7-list-item-label\">I consent to the processing of my personal data according to the Privacy Policy. The data is collected and managed in order to enable the performance of the supply and\/or service relationship in compliance with the European Regulation on data processing - GDPR (General Data Protection Regulation) 2016\/679<\/span><\/label><\/span><\/span><\/span>\n\t\t<\/p>\n\t<\/div>\n<\/div>\n<div class=\"col-12 text-center\">\n\t<p><input class=\"wpcf7-form-control wpcf7-submit has-spinner btn-primary\" type=\"submit\" value=\"Let&#039;s talk about it together\" \/>\n\t<\/p>\n<\/div>\n<input type='hidden' class='wpcf7-pum' value='{\"closepopup\":false,\"closedelay\":0,\"openpopup\":false,\"openpopup_id\":0}' \/><div class=\"wpcf7-response-output\" aria-hidden=\"true\"><\/div>\n<\/form>\n<\/div>\n\n<\/div>\n<\/div>\n\n\n\n<p><\/p>\n","protected":false},"excerpt":{"rendered":"<p>Do you want to add a corner Shop of Il Manovale in your premises? With our dedicated corner shop service [&#8230;]<\/p>\n<p><a class=\"btn btn-secondary understrap-read-more-link\" href=\"https:\/\/ilmanovale.com\/en\/consulting\/corner-shop\/\">Read More&#8230;<span class=\"screen-reader-text\"> from Corner shop<\/span><\/a><\/p>\n","protected":false},"author":50,"featured_media":1125,"parent":1848,"menu_order":0,"comment_status":"closed","ping_status":"closed","template":"","meta":{"_acf_changed":false,"footnotes":""},"class_list":["post-1858","page","type-page","status-publish","has-post-thumbnail","hentry"],"acf":[],"_links":{"self":[{"href":"https:\/\/ilmanovale.com\/en\/wp-json\/wp\/v2\/pages\/1858","targetHints":{"allow":["GET"]}}],"collection":[{"href":"https:\/\/ilmanovale.com\/en\/wp-json\/wp\/v2\/pages"}],"about":[{"href":"https:\/\/ilmanovale.com\/en\/wp-json\/wp\/v2\/types\/page"}],"author":[{"embeddable":true,"href":"https:\/\/ilmanovale.com\/en\/wp-json\/wp\/v2\/users\/50"}],"replies":[{"embeddable":true,"href":"https:\/\/ilmanovale.com\/en\/wp-json\/wp\/v2\/comments?post=1858"}],"version-history":[{"count":1,"href":"https:\/\/ilmanovale.com\/en\/wp-json\/wp\/v2\/pages\/1858\/revisions"}],"predecessor-version":[{"id":1860,"href":"https:\/\/ilmanovale.com\/en\/wp-json\/wp\/v2\/pages\/1858\/revisions\/1860"}],"up":[{"embeddable":true,"href":"https:\/\/ilmanovale.com\/en\/wp-json\/wp\/v2\/pages\/1848"}],"wp:featuredmedia":[{"embeddable":true,"href":"https:\/\/ilmanovale.com\/en\/wp-json\/wp\/v2\/media\/1125"}],"wp:attachment":[{"href":"https:\/\/ilmanovale.com\/en\/wp-json\/wp\/v2\/media?parent=1858"}],"curies":[{"name":"wp","href":"https:\/\/api.w.org\/{rel}","templated":true}]}}